{"id":2,"date":"2021-12-01T13:54:50","date_gmt":"2021-12-01T11:54:50","guid":{"rendered":"http:\/\/testiosoite7.com\/?page_id=2"},"modified":"2024-10-14T16:30:29","modified_gmt":"2024-10-14T13:30:29","slug":"esimerkkisivu","status":"publish","type":"page","link":"https:\/\/www.pehemiapaketti.fi\/?page_id=2","title":{"rendered":"Mallitilkkulaskuri"},"content":{"rendered":"\n<p>\n<script>function calculate_stitches_needed(len=10)\n{\n  let loops_per_len = document.getElementById(\"stitches_per_len\").value;\n  let my_loops_per_len = document.getElementById(\"my_stitches_per_len\").value;\n  let loops_in_recipe = document.getElementById(\"stitches_in_pattern\").value;\n  let my_loops = document.getElementById(\"my_stitches\");\n\n  let loops_needed = loops_in_recipe * (len \/ loops_per_len) \/ (len \/ my_loops_per_len);\n\n  my_loops.value = loops_needed.toFixed(1);\n}\n<\/script>\n<\/p>\n\n\n\n<p>T\u00e4ll\u00e4 laskurilla voit laskea mallitilkkusi perusteella, montako silmukkaa tarvitset ty\u00f6h\u00f6si, jos k\u00e4sialasi tiheys on jotain muuta kuin mit\u00e4 ohjeessa vaadittaisiin!<\/p>\n\n\n\n<p>Kirjoita ensimm\u00e4isiin kenttiin, mik\u00e4 tiheys on annettu ohjeessa ja montako silmukkaa ohje k\u00e4skee luoda haluamallesi koolle. Kirjoita sitten kolmanteen kentt\u00e4\u00e4n, montako silmukkaa sinun mallitilkussasi on 10cm pituudella. <\/p>\n\n\n\nTiheys ohjeessa: <input id=\"stitches_per_len\"><br>\n\n\n\nSilmukkam\u00e4\u00e4r\u00e4 ohjeessa: <input id=\"stitches_in_pattern\"><br>\n\n\n\nMallitilkkuni silmukkam\u00e4\u00e4r\u00e4: <input id=\"my_stitches_per_len\"><br>\n\n\n\n<p><\/p>\n\n\n\n<button type\"button\"=\"\" onclick=\"calculate_stitches_needed();\">Laske<\/button><br>\n\n\n\n<p><\/p>\n\n\n\nLuo t\u00e4m\u00e4n verran silmukoita ty\u00f6h\u00f6si:<input id=\"my_stitches\" readonly=\"\"><br>\n\n\n\n<p><\/p>\n\n\n\n<p>Annettu luku on desimaaleina, mutta py\u00f6rist\u00e4 luku joko yl\u00f6s tai alasp\u00e4in. <\/p>\n\n\n\n<p>Esim. sukan tekemisess\u00e4 tarvitset ehk\u00e4 parillisen m\u00e4\u00e4r\u00e4n silmukoita.<\/p>\n\n\n\n<p>Huom! Emme ota vastuuta k\u00e4sity\u00f6si lopputuloksesta. Laskukaava on oikein, mutta lopputulokseen vaikuttaa moni asia. Ehk\u00e4 k\u00e4sialasi muuttui stressin ilmaantumisen tai lieventymisen vuoksi? Ehk\u00e4 puikot tai koukku vaihtuivat ty\u00f6n aikana toisen kokoiseen vahingossa? K\u00e4siala voi muuttua my\u00f6s taidon karttuessa. \ud83d\ude42<\/p>\n","protected":false},"excerpt":{"rendered":"<p>T\u00e4ll\u00e4 laskurilla voit laskea mallitilkkusi perusteella, montako silmukkaa tarvitset ty\u00f6h\u00f6si, jos k\u00e4sialasi tiheys on jotain muuta kuin mit\u00e4 ohjeessa vaadittaisiin! Kirjoita ensimm\u00e4isiin kenttiin, mik\u00e4 tiheys on annettu ohjeessa ja montako silmukkaa ohje k\u00e4skee luoda haluamallesi koolle. Kirjoita sitten kolmanteen kentt\u00e4\u00e4n, montako silmukkaa sinun mallitilkussasi on 10cm pituudella. Tiheys ohjeessa: Silmukkam\u00e4\u00e4r\u00e4 ohjeessa: Mallitilkkuni silmukkam\u00e4\u00e4r\u00e4: Laske Luo [&hellip;]<\/p>\n","protected":false},"author":1,"featured_media":0,"parent":0,"menu_order":0,"comment_status":"closed","ping_status":"open","template":"","meta":{"site-sidebar-layout":"default","site-content-layout":"","ast-site-content-layout":"default","site-content-style":"default","site-sidebar-style":"default","ast-global-header-display":"","ast-banner-title-visibility":"","ast-main-header-display":"","ast-hfb-above-header-display":"","ast-hfb-below-header-display":"","ast-hfb-mobile-header-display":"","site-post-title":"","ast-breadcrumbs-content":"","ast-featured-img":"","footer-sml-layout":"","ast-disable-related-posts":"","theme-transparent-header-meta":"","adv-header-id-meta":"","stick-header-meta":"","header-above-stick-meta":"","header-main-stick-meta":"","header-below-stick-meta":"","astra-migrate-meta-layouts":"default","ast-page-background-enabled":"default","ast-page-background-meta":{"desktop":{"background-color":"var(--ast-global-color-4)","background-image":"","background-repeat":"repeat","background-position":"center center","background-size":"auto","background-attachment":"scroll","background-type":"","background-media":"","overlay-type":"","overlay-color":"","overlay-opacity":"","overlay-gradient":""},"tablet":{"background-color":"","background-image":"","background-repeat":"repeat","background-position":"center center","background-size":"auto","background-attachment":"scroll","background-type":"","background-media":"","overlay-type":"","overlay-color":"","overlay-opacity":"","overlay-gradient":""},"mobile":{"background-color":"","background-image":"","background-repeat":"repeat","background-position":"center center","background-size":"auto","background-attachment":"scroll","background-type":"","background-media":"","overlay-type":"","overlay-color":"","overlay-opacity":"","overlay-gradient":""}},"ast-content-background-meta":{"desktop":{"background-color":"var(--ast-global-color-5)","background-image":"","background-repeat":"repeat","background-position":"center center","background-size":"auto","background-attachment":"scroll","background-type":"","background-media":"","overlay-type":"","overlay-color":"","overlay-opacity":"","overlay-gradient":""},"tablet":{"background-color":"var(--ast-global-color-5)","background-image":"","background-repeat":"repeat","background-position":"center center","background-size":"auto","background-attachment":"scroll","background-type":"","background-media":"","overlay-type":"","overlay-color":"","overlay-opacity":"","overlay-gradient":""},"mobile":{"background-color":"var(--ast-global-color-5)","background-image":"","background-repeat":"repeat","background-position":"center center","background-size":"auto","background-attachment":"scroll","background-type":"","background-media":"","overlay-type":"","overlay-color":"","overlay-opacity":"","overlay-gradient":""}},"footnotes":""},"class_list":["post-2","page","type-page","status-publish","hentry"],"_links":{"self":[{"href":"https:\/\/www.pehemiapaketti.fi\/index.php?rest_route=\/wp\/v2\/pages\/2","targetHints":{"allow":["GET"]}}],"collection":[{"href":"https:\/\/www.pehemiapaketti.fi\/index.php?rest_route=\/wp\/v2\/pages"}],"about":[{"href":"https:\/\/www.pehemiapaketti.fi\/index.php?rest_route=\/wp\/v2\/types\/page"}],"author":[{"embeddable":true,"href":"https:\/\/www.pehemiapaketti.fi\/index.php?rest_route=\/wp\/v2\/users\/1"}],"replies":[{"embeddable":true,"href":"https:\/\/www.pehemiapaketti.fi\/index.php?rest_route=%2Fwp%2Fv2%2Fcomments&post=2"}],"version-history":[{"count":33,"href":"https:\/\/www.pehemiapaketti.fi\/index.php?rest_route=\/wp\/v2\/pages\/2\/revisions"}],"predecessor-version":[{"id":317,"href":"https:\/\/www.pehemiapaketti.fi\/index.php?rest_route=\/wp\/v2\/pages\/2\/revisions\/317"}],"wp:attachment":[{"href":"https:\/\/www.pehemiapaketti.fi\/index.php?rest_route=%2Fwp%2Fv2%2Fmedia&parent=2"}],"curies":[{"name":"wp","href":"https:\/\/api.w.org\/{rel}","templated":true}]}}