{"id":203,"date":"2023-02-19T22:36:55","date_gmt":"2023-02-19T20:36:55","guid":{"rendered":"https:\/\/www.pehemiapaketti.fi\/?page_id=203"},"modified":"2023-08-30T13:07:44","modified_gmt":"2023-08-30T10:07:44","slug":"isoaidinneliot","status":"publish","type":"page","link":"https:\/\/www.pehemiapaketti.fi\/?page_id=203","title":{"rendered":"Iso\u00e4idinneli\u00f6t"},"content":{"rendered":"\n<p>T\u00e4ll\u00e4 videolla opit, miten iso\u00e4idinneli\u00f6 tehd\u00e4\u00e4n.<\/p>\n\n\n\n<figure class=\"wp-block-embed is-type-video is-provider-youtube wp-block-embed-youtube wp-embed-aspect-16-9 wp-has-aspect-ratio\"><div class=\"wp-block-embed__wrapper\">\n<iframe loading=\"lazy\" title=\"Virkkaus: Iso\u00e4idinneli\u00f6 ohje\" width=\"500\" height=\"281\" src=\"https:\/\/www.youtube.com\/embed\/GxYi2821DcI?feature=oembed\" frameborder=\"0\" allow=\"accelerometer; autoplay; clipboard-write; encrypted-media; gyroscope; picture-in-picture; web-share\" referrerpolicy=\"strict-origin-when-cross-origin\" allowfullscreen><\/iframe>\n<\/div><\/figure>\n\n\n\n<p><\/p>\n\n\n\n<p>T\u00e4ss\u00e4 videoss\u00e4 opit yhden vaihtoehtoisen tavan kiinnitt\u00e4\u00e4 iso\u00e4idinneli\u00f6t toisiinsa. Neli\u00f6t kiinnitet\u00e4\u00e4n viimeiss\u00e4 kerroksella.<\/p>\n\n\n\n<figure class=\"wp-block-embed is-type-video is-provider-youtube wp-block-embed-youtube wp-embed-aspect-16-9 wp-has-aspect-ratio\"><div class=\"wp-block-embed__wrapper\">\n<iframe loading=\"lazy\" title=\"Virkkaus: Miten yhdist\u00e4\u00e4 iso\u00e4idinneli\u00f6t? (join as you go-tekniikka)\" width=\"500\" height=\"281\" src=\"https:\/\/www.youtube.com\/embed\/dJfCE-r5I4w?feature=oembed\" frameborder=\"0\" allow=\"accelerometer; autoplay; clipboard-write; encrypted-media; gyroscope; picture-in-picture; web-share\" referrerpolicy=\"strict-origin-when-cross-origin\" allowfullscreen><\/iframe>\n<\/div><\/figure>\n\n\n\n<p><\/p>\n\n\n\n<p>Jokainen virkkausty\u00f6 tulee my\u00f6s p\u00e4\u00e4tell\u00e4 huolellisesti. T\u00e4ll\u00e4 videolla saat vinkkej\u00e4 p\u00e4\u00e4ttelyyn.<\/p>\n\n\n\n<figure class=\"wp-block-embed is-type-video is-provider-youtube wp-block-embed-youtube wp-embed-aspect-16-9 wp-has-aspect-ratio\"><div class=\"wp-block-embed__wrapper\">\n<iframe loading=\"lazy\" title=\"Virkkaus: lankojen p\u00e4\u00e4tteleminen\" width=\"500\" height=\"281\" src=\"https:\/\/www.youtube.com\/embed\/-DH3ta-s05I?feature=oembed\" frameborder=\"0\" allow=\"accelerometer; autoplay; clipboard-write; encrypted-media; gyroscope; picture-in-picture; web-share\" referrerpolicy=\"strict-origin-when-cross-origin\" allowfullscreen><\/iframe>\n<\/div><\/figure>\n","protected":false},"excerpt":{"rendered":"<p>T\u00e4ll\u00e4 videolla opit, miten iso\u00e4idinneli\u00f6 tehd\u00e4\u00e4n. T\u00e4ss\u00e4 videoss\u00e4 opit yhden vaihtoehtoisen tavan kiinnitt\u00e4\u00e4 iso\u00e4idinneli\u00f6t toisiinsa. Neli\u00f6t kiinnitet\u00e4\u00e4n viimeiss\u00e4 kerroksella. Jokainen virkkausty\u00f6 tulee my\u00f6s p\u00e4\u00e4tell\u00e4 huolellisesti. T\u00e4ll\u00e4 videolla saat vinkkej\u00e4 p\u00e4\u00e4ttelyyn.<\/p>\n","protected":false},"author":1,"featured_media":0,"parent":0,"menu_order":0,"comment_status":"closed","ping_status":"closed","template":"","meta":{"site-sidebar-layout":"default","site-content-layout":"","ast-site-content-layout":"default","site-content-style":"default","site-sidebar-style":"default","ast-global-header-display":"","ast-banner-title-visibility":"","ast-main-header-display":"","ast-hfb-above-header-display":"","ast-hfb-below-header-display":"","ast-hfb-mobile-header-display":"","site-post-title":"","ast-breadcrumbs-content":"","ast-featured-img":"","footer-sml-layout":"","ast-disable-related-posts":"","theme-transparent-header-meta":"","adv-header-id-meta":"","stick-header-meta":"","header-above-stick-meta":"","header-main-stick-meta":"","header-below-stick-meta":"","astra-migrate-meta-layouts":"default","ast-page-background-enabled":"default","ast-page-background-meta":{"desktop":{"background-color":"var(--ast-global-color-4)","background-image":"","background-repeat":"repeat","background-position":"center center","background-size":"auto","background-attachment":"scroll","background-type":"","background-media":"","overlay-type":"","overlay-color":"","overlay-opacity":"","overlay-gradient":""},"tablet":{"background-color":"","background-image":"","background-repeat":"repeat","background-position":"center center","background-size":"auto","background-attachment":"scroll","background-type":"","background-media":"","overlay-type":"","overlay-color":"","overlay-opacity":"","overlay-gradient":""},"mobile":{"background-color":"","background-image":"","background-repeat":"repeat","background-position":"center center","background-size":"auto","background-attachment":"scroll","background-type":"","background-media":"","overlay-type":"","overlay-color":"","overlay-opacity":"","overlay-gradient":""}},"ast-content-background-meta":{"desktop":{"background-color":"var(--ast-global-color-5)","background-image":"","background-repeat":"repeat","background-position":"center center","background-size":"auto","background-attachment":"scroll","background-type":"","background-media":"","overlay-type":"","overlay-color":"","overlay-opacity":"","overlay-gradient":""},"tablet":{"background-color":"var(--ast-global-color-5)","background-image":"","background-repeat":"repeat","background-position":"center center","background-size":"auto","background-attachment":"scroll","background-type":"","background-media":"","overlay-type":"","overlay-color":"","overlay-opacity":"","overlay-gradient":""},"mobile":{"background-color":"var(--ast-global-color-5)","background-image":"","background-repeat":"repeat","background-position":"center center","background-size":"auto","background-attachment":"scroll","background-type":"","background-media":"","overlay-type":"","overlay-color":"","overlay-opacity":"","overlay-gradient":""}},"footnotes":""},"class_list":["post-203","page","type-page","status-publish","hentry"],"_links":{"self":[{"href":"https:\/\/www.pehemiapaketti.fi\/index.php?rest_route=\/wp\/v2\/pages\/203","targetHints":{"allow":["GET"]}}],"collection":[{"href":"https:\/\/www.pehemiapaketti.fi\/index.php?rest_route=\/wp\/v2\/pages"}],"about":[{"href":"https:\/\/www.pehemiapaketti.fi\/index.php?rest_route=\/wp\/v2\/types\/page"}],"author":[{"embeddable":true,"href":"https:\/\/www.pehemiapaketti.fi\/index.php?rest_route=\/wp\/v2\/users\/1"}],"replies":[{"embeddable":true,"href":"https:\/\/www.pehemiapaketti.fi\/index.php?rest_route=%2Fwp%2Fv2%2Fcomments&post=203"}],"version-history":[{"count":4,"href":"https:\/\/www.pehemiapaketti.fi\/index.php?rest_route=\/wp\/v2\/pages\/203\/revisions"}],"predecessor-version":[{"id":225,"href":"https:\/\/www.pehemiapaketti.fi\/index.php?rest_route=\/wp\/v2\/pages\/203\/revisions\/225"}],"wp:attachment":[{"href":"https:\/\/www.pehemiapaketti.fi\/index.php?rest_route=%2Fwp%2Fv2%2Fmedia&parent=203"}],"curies":[{"name":"wp","href":"https:\/\/api.w.org\/{rel}","templated":true}]}}