{"id":250,"date":"2024-10-02T15:49:05","date_gmt":"2024-10-02T12:49:05","guid":{"rendered":"https:\/\/www.pehemiapaketti.fi\/?page_id=250"},"modified":"2024-10-14T16:38:13","modified_gmt":"2024-10-14T13:38:13","slug":"tilaustyo","status":"publish","type":"page","link":"https:\/\/www.pehemiapaketti.fi\/?page_id=250","title":{"rendered":"Tilausty\u00f6t"},"content":{"rendered":"\n<p>Voit tilata minulta virkkauksen, esim. ihmisen muotokuvan, noppapussin, lasinalussetin tai pehmolelun. Tilaust\u00f6iden hinnat ovat 46\u20ac-180\u20ac v\u00e4lill\u00e4. Esimerkkikuvia ja hintoja alempana! Kaikkiin hintoihin lis\u00e4t\u00e4\u00e4n postikulu 7,90\u20ac.<\/p>\n\n\n\n<p><strong>Laita s\u00e4hk\u00f6postia niin suunnitellaan!  <\/strong>elina(at)pehemiapaketti.fi<\/p>\n\n\n\n<p>En tee villasukkia enk\u00e4 tilaust\u00f6it\u00e4, jotka ovat tekij\u00e4noikeuden alaisia esim. pelien tai elokuvien hahmot.<\/p>\n\n\n\n<hr class=\"wp-block-separator has-alpha-channel-opacity\"\/>\n\n\n\n<div style=\"height:16px\" aria-hidden=\"true\" class=\"wp-block-spacer\"><\/div>\n\n\n\n<h2 class=\"wp-block-heading\">MiniMin\u00e4<\/h2>\n\n\n\n<p>Alkaen 130\u20ac<\/p>\n\n\n\n<p>Iloisesti hymyilev\u00e4 muotokuva sinusta, h\u00e4nest\u00e4 tai vaikka lahjaksi jollekulle t\u00e4rke\u00e4lle! Muotokuvan mukana saat alustan, jossa hahmo pysyy pystyss\u00e4. Kuvissa esimerkkiteoksia.<\/p>\n\n\n\n<figure class=\"wp-block-gallery has-nested-images columns-default is-cropped wp-block-gallery-1 is-layout-flex wp-block-gallery-is-layout-flex\">\n<figure class=\"wp-block-image size-large\"><img loading=\"lazy\" decoding=\"async\" width=\"1024\" height=\"1024\" data-id=\"258\" src=\"https:\/\/www.pehemiapaketti.fi\/wp-content\/uploads\/2024\/10\/veli-1024x1024.jpg\" alt=\"\" class=\"wp-image-258\" srcset=\"https:\/\/www.pehemiapaketti.fi\/wp-content\/uploads\/2024\/10\/veli-1024x1024.jpg 1024w, https:\/\/www.pehemiapaketti.fi\/wp-content\/uploads\/2024\/10\/veli-300x300.jpg 300w, https:\/\/www.pehemiapaketti.fi\/wp-content\/uploads\/2024\/10\/veli-150x150.jpg 150w, https:\/\/www.pehemiapaketti.fi\/wp-content\/uploads\/2024\/10\/veli-768x768.jpg 768w, https:\/\/www.pehemiapaketti.fi\/wp-content\/uploads\/2024\/10\/veli.jpg 1440w\" sizes=\"auto, (max-width: 1024px) 100vw, 1024px\" \/><figcaption class=\"wp-element-caption\">Mun veli<\/figcaption><\/figure>\n\n\n\n<figure class=\"wp-block-image size-large\"><img loading=\"lazy\" decoding=\"async\" width=\"1024\" height=\"1024\" data-id=\"255\" src=\"https:\/\/www.pehemiapaketti.fi\/wp-content\/uploads\/2024\/10\/hellu-1024x1024.jpg\" alt=\"\" class=\"wp-image-255\" srcset=\"https:\/\/www.pehemiapaketti.fi\/wp-content\/uploads\/2024\/10\/hellu-1024x1024.jpg 1024w, https:\/\/www.pehemiapaketti.fi\/wp-content\/uploads\/2024\/10\/hellu-300x300.jpg 300w, https:\/\/www.pehemiapaketti.fi\/wp-content\/uploads\/2024\/10\/hellu-150x150.jpg 150w, https:\/\/www.pehemiapaketti.fi\/wp-content\/uploads\/2024\/10\/hellu-768x768.jpg 768w, https:\/\/www.pehemiapaketti.fi\/wp-content\/uploads\/2024\/10\/hellu.jpg 1500w\" sizes=\"auto, (max-width: 1024px) 100vw, 1024px\" \/><figcaption class=\"wp-element-caption\">Mun puoliso<\/figcaption><\/figure>\n\n\n\n<figure class=\"wp-block-image size-large\"><img loading=\"lazy\" decoding=\"async\" width=\"1024\" height=\"1024\" data-id=\"259\" src=\"https:\/\/www.pehemiapaketti.fi\/wp-content\/uploads\/2024\/10\/farmeri-1024x1024.jpg\" alt=\"\" class=\"wp-image-259\" srcset=\"https:\/\/www.pehemiapaketti.fi\/wp-content\/uploads\/2024\/10\/farmeri-1024x1024.jpg 1024w, https:\/\/www.pehemiapaketti.fi\/wp-content\/uploads\/2024\/10\/farmeri-300x300.jpg 300w, https:\/\/www.pehemiapaketti.fi\/wp-content\/uploads\/2024\/10\/farmeri-150x150.jpg 150w, https:\/\/www.pehemiapaketti.fi\/wp-content\/uploads\/2024\/10\/farmeri-768x768.jpg 768w, https:\/\/www.pehemiapaketti.fi\/wp-content\/uploads\/2024\/10\/farmeri-1536x1536.jpg 1536w, https:\/\/www.pehemiapaketti.fi\/wp-content\/uploads\/2024\/10\/farmeri-2048x2048.jpg 2048w\" sizes=\"auto, (max-width: 1024px) 100vw, 1024px\" \/><figcaption class=\"wp-element-caption\">Hortonomi<\/figcaption><\/figure>\n\n\n\n<figure class=\"wp-block-image size-large\"><img loading=\"lazy\" decoding=\"async\" width=\"1024\" height=\"1024\" data-id=\"257\" src=\"https:\/\/www.pehemiapaketti.fi\/wp-content\/uploads\/2024\/10\/maatu-1-1024x1024.jpg\" alt=\"\" class=\"wp-image-257\" srcset=\"https:\/\/www.pehemiapaketti.fi\/wp-content\/uploads\/2024\/10\/maatu-1-1024x1024.jpg 1024w, https:\/\/www.pehemiapaketti.fi\/wp-content\/uploads\/2024\/10\/maatu-1-300x300.jpg 300w, https:\/\/www.pehemiapaketti.fi\/wp-content\/uploads\/2024\/10\/maatu-1-150x150.jpg 150w, https:\/\/www.pehemiapaketti.fi\/wp-content\/uploads\/2024\/10\/maatu-1-768x768.jpg 768w, https:\/\/www.pehemiapaketti.fi\/wp-content\/uploads\/2024\/10\/maatu-1-1536x1536.jpg 1536w, https:\/\/www.pehemiapaketti.fi\/wp-content\/uploads\/2024\/10\/maatu-1-2048x2048.jpg 2048w\" sizes=\"auto, (max-width: 1024px) 100vw, 1024px\" \/><figcaption class=\"wp-element-caption\">Paras kaveri<\/figcaption><\/figure>\n\n\n\n<figure class=\"wp-block-image size-large\"><img loading=\"lazy\" decoding=\"async\" width=\"878\" height=\"1024\" data-id=\"256\" src=\"https:\/\/www.pehemiapaketti.fi\/wp-content\/uploads\/2024\/10\/gamerboy-878x1024.jpg\" alt=\"\" class=\"wp-image-256\" srcset=\"https:\/\/www.pehemiapaketti.fi\/wp-content\/uploads\/2024\/10\/gamerboy-878x1024.jpg 878w, https:\/\/www.pehemiapaketti.fi\/wp-content\/uploads\/2024\/10\/gamerboy-257x300.jpg 257w, https:\/\/www.pehemiapaketti.fi\/wp-content\/uploads\/2024\/10\/gamerboy-768x895.jpg 768w, https:\/\/www.pehemiapaketti.fi\/wp-content\/uploads\/2024\/10\/gamerboy-1317x1536.jpg 1317w, https:\/\/www.pehemiapaketti.fi\/wp-content\/uploads\/2024\/10\/gamerboy.jpg 1500w\" sizes=\"auto, (max-width: 878px) 100vw, 878px\" \/><figcaption class=\"wp-element-caption\">Pelaajapoika<\/figcaption><\/figure>\n<\/figure>\n\n\n\n<hr class=\"wp-block-separator has-alpha-channel-opacity\"\/>\n\n\n\n<div style=\"height:18px\" aria-hidden=\"true\" class=\"wp-block-spacer\"><\/div>\n\n\n\n<h2 class=\"wp-block-heading\">Lasinaluset <\/h2>\n\n\n\n<p>1kpl 25\u20ac<\/p>\n\n\n\n<p>4kpl 75\u20ac<\/p>\n\n\n\n<figure class=\"wp-block-gallery has-nested-images columns-default is-cropped wp-block-gallery-2 is-layout-flex wp-block-gallery-is-layout-flex\">\n<figure class=\"wp-block-image size-large\"><img loading=\"lazy\" decoding=\"async\" width=\"1024\" height=\"1000\" data-id=\"265\" src=\"https:\/\/www.pehemiapaketti.fi\/wp-content\/uploads\/2024\/10\/liiskatti1-1024x1000.jpg\" alt=\"\" class=\"wp-image-265\" srcset=\"https:\/\/www.pehemiapaketti.fi\/wp-content\/uploads\/2024\/10\/liiskatti1-1024x1000.jpg 1024w, https:\/\/www.pehemiapaketti.fi\/wp-content\/uploads\/2024\/10\/liiskatti1-300x293.jpg 300w, https:\/\/www.pehemiapaketti.fi\/wp-content\/uploads\/2024\/10\/liiskatti1-768x750.jpg 768w, https:\/\/www.pehemiapaketti.fi\/wp-content\/uploads\/2024\/10\/liiskatti1-1536x1499.jpg 1536w, https:\/\/www.pehemiapaketti.fi\/wp-content\/uploads\/2024\/10\/liiskatti1-2048x1999.jpg 2048w\" sizes=\"auto, (max-width: 1024px) 100vw, 1024px\" \/><figcaption class=\"wp-element-caption\">LiisKatti<\/figcaption><\/figure>\n\n\n\n<figure class=\"wp-block-image size-large\"><img loading=\"lazy\" decoding=\"async\" width=\"819\" height=\"1024\" data-id=\"269\" src=\"https:\/\/www.pehemiapaketti.fi\/wp-content\/uploads\/2024\/10\/kukat-819x1024.jpg\" alt=\"\" class=\"wp-image-269\" srcset=\"https:\/\/www.pehemiapaketti.fi\/wp-content\/uploads\/2024\/10\/kukat-819x1024.jpg 819w, https:\/\/www.pehemiapaketti.fi\/wp-content\/uploads\/2024\/10\/kukat-240x300.jpg 240w, https:\/\/www.pehemiapaketti.fi\/wp-content\/uploads\/2024\/10\/kukat-768x960.jpg 768w, https:\/\/www.pehemiapaketti.fi\/wp-content\/uploads\/2024\/10\/kukat-1229x1536.jpg 1229w, https:\/\/www.pehemiapaketti.fi\/wp-content\/uploads\/2024\/10\/kukat-1638x2048.jpg 1638w, https:\/\/www.pehemiapaketti.fi\/wp-content\/uploads\/2024\/10\/kukat-scaled.jpg 2048w\" sizes=\"auto, (max-width: 819px) 100vw, 819px\" \/><figcaption class=\"wp-element-caption\">Kukat<\/figcaption><\/figure>\n\n\n\n<figure class=\"wp-block-image size-large\"><img loading=\"lazy\" decoding=\"async\" width=\"1024\" height=\"1024\" data-id=\"266\" src=\"https:\/\/www.pehemiapaketti.fi\/wp-content\/uploads\/2024\/10\/pizzat-1024x1024.jpg\" alt=\"\" class=\"wp-image-266\" srcset=\"https:\/\/www.pehemiapaketti.fi\/wp-content\/uploads\/2024\/10\/pizzat-1024x1024.jpg 1024w, https:\/\/www.pehemiapaketti.fi\/wp-content\/uploads\/2024\/10\/pizzat-300x300.jpg 300w, https:\/\/www.pehemiapaketti.fi\/wp-content\/uploads\/2024\/10\/pizzat-150x150.jpg 150w, https:\/\/www.pehemiapaketti.fi\/wp-content\/uploads\/2024\/10\/pizzat-768x768.jpg 768w, https:\/\/www.pehemiapaketti.fi\/wp-content\/uploads\/2024\/10\/pizzat-1536x1536.jpg 1536w, https:\/\/www.pehemiapaketti.fi\/wp-content\/uploads\/2024\/10\/pizzat-2048x2048.jpg 2048w\" sizes=\"auto, (max-width: 1024px) 100vw, 1024px\" \/><figcaption class=\"wp-element-caption\">Pizzat<\/figcaption><\/figure>\n\n\n\n<figure class=\"wp-block-image size-large\"><img loading=\"lazy\" decoding=\"async\" width=\"919\" height=\"1024\" data-id=\"270\" src=\"https:\/\/www.pehemiapaketti.fi\/wp-content\/uploads\/2024\/10\/mokkapala-919x1024.webp\" alt=\"\" class=\"wp-image-270\" srcset=\"https:\/\/www.pehemiapaketti.fi\/wp-content\/uploads\/2024\/10\/mokkapala-919x1024.webp 919w, https:\/\/www.pehemiapaketti.fi\/wp-content\/uploads\/2024\/10\/mokkapala-269x300.webp 269w, https:\/\/www.pehemiapaketti.fi\/wp-content\/uploads\/2024\/10\/mokkapala-768x856.webp 768w, https:\/\/www.pehemiapaketti.fi\/wp-content\/uploads\/2024\/10\/mokkapala.webp 1200w\" sizes=\"auto, (max-width: 919px) 100vw, 919px\" \/><figcaption class=\"wp-element-caption\">Mokkapala<\/figcaption><\/figure>\n\n\n\n<figure class=\"wp-block-image size-large\"><img loading=\"lazy\" decoding=\"async\" width=\"769\" height=\"1024\" data-id=\"268\" src=\"https:\/\/www.pehemiapaketti.fi\/wp-content\/uploads\/2024\/10\/PSX_20220224_132433-769x1024.jpg\" alt=\"\" class=\"wp-image-268\" srcset=\"https:\/\/www.pehemiapaketti.fi\/wp-content\/uploads\/2024\/10\/PSX_20220224_132433-769x1024.jpg 769w, https:\/\/www.pehemiapaketti.fi\/wp-content\/uploads\/2024\/10\/PSX_20220224_132433-225x300.jpg 225w, https:\/\/www.pehemiapaketti.fi\/wp-content\/uploads\/2024\/10\/PSX_20220224_132433-768x1023.jpg 768w, https:\/\/www.pehemiapaketti.fi\/wp-content\/uploads\/2024\/10\/PSX_20220224_132433-1153x1536.jpg 1153w, https:\/\/www.pehemiapaketti.fi\/wp-content\/uploads\/2024\/10\/PSX_20220224_132433-1537x2048.jpg 1537w, https:\/\/www.pehemiapaketti.fi\/wp-content\/uploads\/2024\/10\/PSX_20220224_132433-scaled.jpg 1922w\" sizes=\"auto, (max-width: 769px) 100vw, 769px\" \/><figcaption class=\"wp-element-caption\">Maatilan el\u00e4imet<\/figcaption><\/figure>\n\n\n\n<figure class=\"wp-block-image size-large\"><img loading=\"lazy\" decoding=\"async\" width=\"1024\" height=\"1024\" data-id=\"271\" src=\"https:\/\/www.pehemiapaketti.fi\/wp-content\/uploads\/2024\/10\/panda-1024x1024.jpg\" alt=\"\" class=\"wp-image-271\" srcset=\"https:\/\/www.pehemiapaketti.fi\/wp-content\/uploads\/2024\/10\/panda-1024x1024.jpg 1024w, https:\/\/www.pehemiapaketti.fi\/wp-content\/uploads\/2024\/10\/panda-300x300.jpg 300w, https:\/\/www.pehemiapaketti.fi\/wp-content\/uploads\/2024\/10\/panda-150x150.jpg 150w, https:\/\/www.pehemiapaketti.fi\/wp-content\/uploads\/2024\/10\/panda-768x768.jpg 768w, https:\/\/www.pehemiapaketti.fi\/wp-content\/uploads\/2024\/10\/panda-1536x1536.jpg 1536w, https:\/\/www.pehemiapaketti.fi\/wp-content\/uploads\/2024\/10\/panda-2048x2048.jpg 2048w\" sizes=\"auto, (max-width: 1024px) 100vw, 1024px\" \/><figcaption class=\"wp-element-caption\">Liiskaantunut panda<\/figcaption><\/figure>\n<\/figure>\n\n\n\n<hr class=\"wp-block-separator has-alpha-channel-opacity\"\/>\n\n\n\n<div style=\"height:20px\" aria-hidden=\"true\" class=\"wp-block-spacer\"><\/div>\n\n\n\n<h2 class=\"wp-block-heading\">Noppapussi<\/h2>\n\n\n\n<p>46\u20ac<\/p>\n\n\n\n<figure class=\"wp-block-gallery has-nested-images columns-default is-cropped wp-block-gallery-3 is-layout-flex wp-block-gallery-is-layout-flex\">\n<figure class=\"wp-block-image size-large\"><img loading=\"lazy\" decoding=\"async\" width=\"1024\" height=\"1024\" data-id=\"277\" src=\"https:\/\/www.pehemiapaketti.fi\/wp-content\/uploads\/2024\/10\/PSX_20240129_223616-1024x1024.jpg\" alt=\"\" class=\"wp-image-277\" srcset=\"https:\/\/www.pehemiapaketti.fi\/wp-content\/uploads\/2024\/10\/PSX_20240129_223616-1024x1024.jpg 1024w, https:\/\/www.pehemiapaketti.fi\/wp-content\/uploads\/2024\/10\/PSX_20240129_223616-300x300.jpg 300w, https:\/\/www.pehemiapaketti.fi\/wp-content\/uploads\/2024\/10\/PSX_20240129_223616-150x150.jpg 150w, https:\/\/www.pehemiapaketti.fi\/wp-content\/uploads\/2024\/10\/PSX_20240129_223616-768x768.jpg 768w, https:\/\/www.pehemiapaketti.fi\/wp-content\/uploads\/2024\/10\/PSX_20240129_223616-1536x1536.jpg 1536w, https:\/\/www.pehemiapaketti.fi\/wp-content\/uploads\/2024\/10\/PSX_20240129_223616-2048x2048.jpg 2048w\" sizes=\"auto, (max-width: 1024px) 100vw, 1024px\" \/><figcaption class=\"wp-element-caption\">Saksanopettajalle<\/figcaption><\/figure>\n\n\n\n<figure class=\"wp-block-image size-large\"><img loading=\"lazy\" decoding=\"async\" width=\"1024\" height=\"1024\" data-id=\"278\" src=\"https:\/\/www.pehemiapaketti.fi\/wp-content\/uploads\/2024\/10\/PSX_20240129_215214-1-1024x1024.jpg\" alt=\"\" class=\"wp-image-278\" srcset=\"https:\/\/www.pehemiapaketti.fi\/wp-content\/uploads\/2024\/10\/PSX_20240129_215214-1-1024x1024.jpg 1024w, https:\/\/www.pehemiapaketti.fi\/wp-content\/uploads\/2024\/10\/PSX_20240129_215214-1-300x300.jpg 300w, https:\/\/www.pehemiapaketti.fi\/wp-content\/uploads\/2024\/10\/PSX_20240129_215214-1-150x150.jpg 150w, https:\/\/www.pehemiapaketti.fi\/wp-content\/uploads\/2024\/10\/PSX_20240129_215214-1-768x768.jpg 768w, https:\/\/www.pehemiapaketti.fi\/wp-content\/uploads\/2024\/10\/PSX_20240129_215214-1-1536x1536.jpg 1536w, https:\/\/www.pehemiapaketti.fi\/wp-content\/uploads\/2024\/10\/PSX_20240129_215214-1-2048x2048.jpg 2048w\" sizes=\"auto, (max-width: 1024px) 100vw, 1024px\" \/><figcaption class=\"wp-element-caption\">Vadelman v\u00e4rinen<\/figcaption><\/figure>\n<\/figure>\n\n\n\n<hr class=\"wp-block-separator has-alpha-channel-opacity\"\/>\n\n\n\n<div style=\"height:41px\" aria-hidden=\"true\" class=\"wp-block-spacer\"><\/div>\n\n\n<div class=\"is-default-size aligncenter wp-block-site-logo\"><a href=\"https:\/\/www.pehemiapaketti.fi\/\" class=\"custom-logo-link\" rel=\"home\"><img loading=\"lazy\" decoding=\"async\" width=\"1570\" height=\"501\" src=\"https:\/\/www.pehemiapaketti.fi\/wp-content\/uploads\/2023\/02\/cropped-cropped-cropped-pehemia_paketti_logo-220x70.png\" class=\"custom-logo\" alt=\"\" srcset=\"https:\/\/www.pehemiapaketti.fi\/wp-content\/uploads\/2023\/02\/cropped-cropped-cropped-pehemia_paketti_logo.png 1570w, https:\/\/www.pehemiapaketti.fi\/wp-content\/uploads\/2023\/02\/cropped-cropped-cropped-pehemia_paketti_logo-300x96.png 300w, https:\/\/www.pehemiapaketti.fi\/wp-content\/uploads\/2023\/02\/cropped-cropped-cropped-pehemia_paketti_logo-1024x327.png 1024w, https:\/\/www.pehemiapaketti.fi\/wp-content\/uploads\/2023\/02\/cropped-cropped-cropped-pehemia_paketti_logo-768x245.png 768w, https:\/\/www.pehemiapaketti.fi\/wp-content\/uploads\/2023\/02\/cropped-cropped-cropped-pehemia_paketti_logo-1536x490.png 1536w, https:\/\/www.pehemiapaketti.fi\/wp-content\/uploads\/2023\/02\/cropped-cropped-cropped-pehemia_paketti_logo-220x70.png 220w\" sizes=\"auto, (max-width: 1570px) 100vw, 1570px\" \/><\/a><\/div>\n\n\n<p><\/p>\n","protected":false},"excerpt":{"rendered":"<p>Voit tilata minulta virkkauksen, esim. ihmisen muotokuvan, noppapussin, lasinalussetin tai pehmolelun. Tilaust\u00f6iden hinnat ovat 46\u20ac-180\u20ac v\u00e4lill\u00e4. Esimerkkikuvia ja hintoja alempana! Kaikkiin hintoihin lis\u00e4t\u00e4\u00e4n postikulu 7,90\u20ac. Laita s\u00e4hk\u00f6postia niin suunnitellaan! elina(at)pehemiapaketti.fi En tee villasukkia enk\u00e4 tilaust\u00f6it\u00e4, jotka ovat tekij\u00e4noikeuden alaisia esim. pelien tai elokuvien hahmot. MiniMin\u00e4 Alkaen 130\u20ac Iloisesti hymyilev\u00e4 muotokuva sinusta, h\u00e4nest\u00e4 tai vaikka lahjaksi [&hellip;]<\/p>\n","protected":false},"author":1,"featured_media":0,"parent":0,"menu_order":0,"comment_status":"closed","ping_status":"closed","template":"","meta":{"site-sidebar-layout":"default","site-content-layout":"","ast-site-content-layout":"default","site-content-style":"default","site-sidebar-style":"default","ast-global-header-display":"","ast-banner-title-visibility":"","ast-main-header-display":"","ast-hfb-above-header-display":"","ast-hfb-below-header-display":"","ast-hfb-mobile-header-display":"","site-post-title":"","ast-breadcrumbs-content":"","ast-featured-img":"","footer-sml-layout":"","ast-disable-related-posts":"","theme-transparent-header-meta":"","adv-header-id-meta":"","stick-header-meta":"","header-above-stick-meta":"","header-main-stick-meta":"","header-below-stick-meta":"","astra-migrate-meta-layouts":"default","ast-page-background-enabled":"default","ast-page-background-meta":{"desktop":{"background-color":"var(--ast-global-color-4)","background-image":"","background-repeat":"repeat","background-position":"center center","background-size":"auto","background-attachment":"scroll","background-type":"","background-media":"","overlay-type":"","overlay-color":"","overlay-opacity":"","overlay-gradient":""},"tablet":{"background-color":"","background-image":"","background-repeat":"repeat","background-position":"center center","background-size":"auto","background-attachment":"scroll","background-type":"","background-media":"","overlay-type":"","overlay-color":"","overlay-opacity":"","overlay-gradient":""},"mobile":{"background-color":"","background-image":"","background-repeat":"repeat","background-position":"center center","background-size":"auto","background-attachment":"scroll","background-type":"","background-media":"","overlay-type":"","overlay-color":"","overlay-opacity":"","overlay-gradient":""}},"ast-content-background-meta":{"desktop":{"background-color":"var(--ast-global-color-5)","background-image":"","background-repeat":"repeat","background-position":"center center","background-size":"auto","background-attachment":"scroll","background-type":"","background-media":"","overlay-type":"","overlay-color":"","overlay-opacity":"","overlay-gradient":""},"tablet":{"background-color":"var(--ast-global-color-5)","background-image":"","background-repeat":"repeat","background-position":"center center","background-size":"auto","background-attachment":"scroll","background-type":"","background-media":"","overlay-type":"","overlay-color":"","overlay-opacity":"","overlay-gradient":""},"mobile":{"background-color":"var(--ast-global-color-5)","background-image":"","background-repeat":"repeat","background-position":"center center","background-size":"auto","background-attachment":"scroll","background-type":"","background-media":"","overlay-type":"","overlay-color":"","overlay-opacity":"","overlay-gradient":""}},"footnotes":""},"class_list":["post-250","page","type-page","status-publish","hentry"],"_links":{"self":[{"href":"https:\/\/www.pehemiapaketti.fi\/index.php?rest_route=\/wp\/v2\/pages\/250","targetHints":{"allow":["GET"]}}],"collection":[{"href":"https:\/\/www.pehemiapaketti.fi\/index.php?rest_route=\/wp\/v2\/pages"}],"about":[{"href":"https:\/\/www.pehemiapaketti.fi\/index.php?rest_route=\/wp\/v2\/types\/page"}],"author":[{"embeddable":true,"href":"https:\/\/www.pehemiapaketti.fi\/index.php?rest_route=\/wp\/v2\/users\/1"}],"replies":[{"embeddable":true,"href":"https:\/\/www.pehemiapaketti.fi\/index.php?rest_route=%2Fwp%2Fv2%2Fcomments&post=250"}],"version-history":[{"count":27,"href":"https:\/\/www.pehemiapaketti.fi\/index.php?rest_route=\/wp\/v2\/pages\/250\/revisions"}],"predecessor-version":[{"id":319,"href":"https:\/\/www.pehemiapaketti.fi\/index.php?rest_route=\/wp\/v2\/pages\/250\/revisions\/319"}],"wp:attachment":[{"href":"https:\/\/www.pehemiapaketti.fi\/index.php?rest_route=%2Fwp%2Fv2%2Fmedia&parent=250"}],"curies":[{"name":"wp","href":"https:\/\/api.w.org\/{rel}","templated":true}]}}