{"id":3,"date":"2021-12-01T13:54:50","date_gmt":"2021-12-01T11:54:50","guid":{"rendered":"http:\/\/testiosoite7.com\/?page_id=3"},"modified":"2026-03-05T20:31:02","modified_gmt":"2026-03-05T18:31:02","slug":"tietosuojaseloste","status":"publish","type":"page","link":"https:\/\/www.pehemiapaketti.fi\/?page_id=3","title":{"rendered":"Tietosuojaseloste"},"content":{"rendered":"\n<h2 class=\"wp-block-heading\">Kuka olen<\/h2>\n\n\n\n<p>Verkkosivuston osoite on: https:\/\/pehemiapaketti.fi<\/p>\n\n\n\n<p>T\u00e4ss\u00e4 selosteessa sanalla &#8221;verkkosivusto&#8221; viitataan kaikkiin sivuihin, jotka ovat pehemiapaketti.fi domainin alla. <\/p>\n\n\n\n<p>Rekisterinpit\u00e4j\u00e4:<\/p>\n\n\n\n<p>Pehemi\u00e4 Paketti<br>Elina Meskus<br>Piltontie 1 as 3, 90810 Kiviniemi<\/p>\n\n\n\n<p>Y-tunnus: 2953916-5<\/p>\n\n\n\n<h2 class=\"wp-block-heading\">Mit\u00e4 henkil\u00f6tietoja ker\u00e4\u00e4n ja miksi<\/h2>\n\n\n\n<p>Sivustolla on k\u00e4yt\u00f6ss\u00e4 Googlen tarjoama liikenteenseuranta Google Analytics. Google Analytics seuraa t\u00e4ll\u00e4 sivustolla katselukertoja ja miten t\u00e4ll\u00e4 sivustolla liikutaan (klikkaukset, vieritykset, sivustolta poistuminen, videon aikaansaama aktivoituminen). Analytics ker\u00e4\u00e4 my\u00f6s dataa muodostaakseen k\u00e4ytt\u00e4j\u00e4lle personoituja mainoksia, mik\u00e4li olet sallinut personoidut mainokset kolmannella osapuolella, Googlella. Analyticsin tarkan sijainti- ja laitedatan keruu ei ole k\u00e4yt\u00f6ss\u00e4, mutta maakohtaisia k\u00e4ytt\u00e4j\u00e4tietoja voidaan tallentaa. Min\u00e4 ker\u00e4\u00e4n tietoja Google Analyticsill\u00e4 t\u00e4lt\u00e4 sivustolta siit\u00e4 syyst\u00e4, ett\u00e4 tutkin, miten hy\u00f6dyllisi\u00e4 ja toimivia sivuja sivustolla on. Mik\u00e4li et halua Google Analyticsin ker\u00e4\u00e4v\u00e4n tietoja sivuston k\u00e4yt\u00f6st\u00e4, voit est\u00e4\u00e4 sen t\u00e4ll\u00e4: <a href=\"https:\/\/tools.google.com\/dlpage\/gaoptout\/?hl=en\">Google Analytics Opt-out Browser Add-on Download Page<\/a><\/p>\n\n\n\n<p>Neule- ja virkkaustiheyden laskuri ei tallenna sy\u00f6tt\u00e4mi\u00e4si tietoja mihink\u00e4\u00e4n tietokantaan. Se toimii vain laskukoneena ja on sijoitettu t\u00e4lle sivustolle. Sy\u00f6tt\u00e4m\u00e4si tiedot eiv\u00e4t s\u00e4ily miss\u00e4\u00e4n. Ota t\u00e4m\u00e4 my\u00f6s itse huomioon k\u00e4ytt\u00e4ess\u00e4si laskuria. \ud83d\ude42<\/p>\n\n\n\n<h2 class=\"wp-block-heading\">Muilta sivustoilta upotettu sis\u00e4lt\u00f6<\/h2>\n\n\n\n<p>T\u00e4m\u00e4n sivuston artikkelit sis\u00e4lt\u00e4v\u00e4t upotettua sis\u00e4lt\u00f6\u00e4 Youtubesta, Holvista, Bloggerista sek\u00e4 Twitchist\u00e4(esimerkiksi videoita, kuvia, artikkeleita jne.). Toisilta sivustoilta tuodun upotetun sis\u00e4ll\u00f6n avaaminen on verrattavissa siihen, ett\u00e4 vierailija itse k\u00e4visi kolmannen osapuolen sivustolla. N\u00e4m\u00e4 sivustot voivat ker\u00e4t\u00e4 tietoa sinusta, k\u00e4ytt\u00e4\u00e4 ev\u00e4steit\u00e4, upottaa kolmannen osapuolen seurantaev\u00e4steit\u00e4 ja monitoroida vuorovaikutustasi upotetun sis\u00e4ll\u00f6n kanssa, mukaan lukien vuorovaikutuksen seuranta, jos ja kun olet kirjautunut k\u00e4ytt\u00e4j\u00e4n\u00e4 sivustolle.<\/p>\n\n\n\n<h2 class=\"wp-block-heading\">Kuinka kauan s\u00e4ilyt\u00e4mme tietoa<\/h2>\n\n\n\n<p>K\u00e4ytt\u00e4j\u00e4-&nbsp;ja tapahtumadatan s\u00e4ilytt\u00e4minen on Google Analyticsiss\u00e4 2 kuukautta. T\u00e4t\u00e4 ker\u00e4tty\u00e4 dataa s\u00e4ilytet\u00e4\u00e4n vain Google Analytics nettisivuilla sivuston rekisterinpit\u00e4j\u00e4n k\u00e4ytt\u00e4j\u00e4tunnuksen sis\u00e4ll\u00e4.<\/p>\n\n\n\n<p>Tallennamme t\u00e4m\u00e4n verkkosivuston rekister\u00f6ityneiden k\u00e4ytt\u00e4jien (jos sellaisia on) k\u00e4ytt\u00e4j\u00e4profiilien tiedot. Kaikilla k\u00e4ytt\u00e4jill\u00e4 on mahdollisuus n\u00e4hd\u00e4, muokata ja poistaa omia henkil\u00f6tietojaan milloin vain. Ainoastaan k\u00e4ytt\u00e4j\u00e4nime\u00e4 ei voi muuttaa. Verkkosivuston yll\u00e4pit\u00e4j\u00e4t voivat n\u00e4hd\u00e4 ja muokata k\u00e4ytt\u00e4j\u00e4profiilien tietoja.<\/p>\n\n\n\n<h2 class=\"wp-block-heading\">Mit\u00e4 oikeuksia sinulla on omaan tietoosi<\/h2>\n\n\n\n<p>Mik\u00e4li sinulla on k\u00e4ytt\u00e4j\u00e4tili t\u00e4lle verkkosivustolle tai olet j\u00e4tt\u00e4nyt kommentteja, voit pyyt\u00e4\u00e4 koostetiedostoa omista henkil\u00f6tiedoistasi, sis\u00e4lt\u00e4en kaiken henkil\u00f6tiedon, jonka olet meille antanut. Voit my\u00f6s pyyt\u00e4\u00e4 henkil\u00f6tietojesi poistoa. Oikeus omien tietojen poistoon ei koske sellaista henkil\u00f6tietoa, joka meid\u00e4n on s\u00e4ilytett\u00e4v\u00e4 yll\u00e4pidollisista, juridisista tai tietoturvaan liittyvist\u00e4 syist\u00e4.<\/p>\n\n\n\n<h2 class=\"wp-block-heading\">Minne l\u00e4het\u00e4mme tietosi<\/h2>\n\n\n\n<p>Vierailijoiden kommentteja (jos niit\u00e4 voi laittaa) saatetaan tarkistaa automatisoidun roskapostiestopalvelun kautta.<\/p>\n","protected":false},"excerpt":{"rendered":"<p>Kuka olen Verkkosivuston osoite on: https:\/\/pehemiapaketti.fi T\u00e4ss\u00e4 selosteessa sanalla &#8221;verkkosivusto&#8221; viitataan kaikkiin sivuihin, jotka ovat pehemiapaketti.fi domainin alla. Rekisterinpit\u00e4j\u00e4: Pehemi\u00e4 PakettiElina MeskusPiltontie 1 as 3, 90810 Kiviniemi Y-tunnus: 2953916-5 Mit\u00e4 henkil\u00f6tietoja ker\u00e4\u00e4n ja miksi Sivustolla on k\u00e4yt\u00f6ss\u00e4 Googlen tarjoama liikenteenseuranta Google Analytics. Google Analytics seuraa t\u00e4ll\u00e4 sivustolla katselukertoja ja miten t\u00e4ll\u00e4 sivustolla liikutaan (klikkaukset, vieritykset, [&hellip;]<\/p>\n","protected":false},"author":1,"featured_media":0,"parent":0,"menu_order":0,"comment_status":"closed","ping_status":"open","template":"","meta":{"site-sidebar-layout":"default","site-content-layout":"","ast-site-content-layout":"default","site-content-style":"default","site-sidebar-style":"default","ast-global-header-display":"","ast-banner-title-visibility":"","ast-main-header-display":"","ast-hfb-above-header-display":"","ast-hfb-below-header-display":"","ast-hfb-mobile-header-display":"","site-post-title":"","ast-breadcrumbs-content":"","ast-featured-img":"","footer-sml-layout":"","ast-disable-related-posts":"","theme-transparent-header-meta":"","adv-header-id-meta":"","stick-header-meta":"","header-above-stick-meta":"","header-main-stick-meta":"","header-below-stick-meta":"","astra-migrate-meta-layouts":"set","ast-page-background-enabled":"default","ast-page-background-meta":{"desktop":{"background-color":"var(--ast-global-color-4)","background-image":"","background-repeat":"repeat","background-position":"center center","background-size":"auto","background-attachment":"scroll","background-type":"","background-media":"","overlay-type":"","overlay-color":"","overlay-opacity":"","overlay-gradient":""},"tablet":{"background-color":"","background-image":"","background-repeat":"repeat","background-position":"center center","background-size":"auto","background-attachment":"scroll","background-type":"","background-media":"","overlay-type":"","overlay-color":"","overlay-opacity":"","overlay-gradient":""},"mobile":{"background-color":"","background-image":"","background-repeat":"repeat","background-position":"center center","background-size":"auto","background-attachment":"scroll","background-type":"","background-media":"","overlay-type":"","overlay-color":"","overlay-opacity":"","overlay-gradient":""}},"ast-content-background-meta":{"desktop":{"background-color":"var(--ast-global-color-5)","background-image":"","background-repeat":"repeat","background-position":"center center","background-size":"auto","background-attachment":"scroll","background-type":"","background-media":"","overlay-type":"","overlay-color":"","overlay-opacity":"","overlay-gradient":""},"tablet":{"background-color":"var(--ast-global-color-5)","background-image":"","background-repeat":"repeat","background-position":"center center","background-size":"auto","background-attachment":"scroll","background-type":"","background-media":"","overlay-type":"","overlay-color":"","overlay-opacity":"","overlay-gradient":""},"mobile":{"background-color":"var(--ast-global-color-5)","background-image":"","background-repeat":"repeat","background-position":"center center","background-size":"auto","background-attachment":"scroll","background-type":"","background-media":"","overlay-type":"","overlay-color":"","overlay-opacity":"","overlay-gradient":""}},"footnotes":""},"class_list":["post-3","page","type-page","status-publish","hentry"],"_links":{"self":[{"href":"https:\/\/www.pehemiapaketti.fi\/index.php?rest_route=\/wp\/v2\/pages\/3","targetHints":{"allow":["GET"]}}],"collection":[{"href":"https:\/\/www.pehemiapaketti.fi\/index.php?rest_route=\/wp\/v2\/pages"}],"about":[{"href":"https:\/\/www.pehemiapaketti.fi\/index.php?rest_route=\/wp\/v2\/types\/page"}],"author":[{"embeddable":true,"href":"https:\/\/www.pehemiapaketti.fi\/index.php?rest_route=\/wp\/v2\/users\/1"}],"replies":[{"embeddable":true,"href":"https:\/\/www.pehemiapaketti.fi\/index.php?rest_route=%2Fwp%2Fv2%2Fcomments&post=3"}],"version-history":[{"count":10,"href":"https:\/\/www.pehemiapaketti.fi\/index.php?rest_route=\/wp\/v2\/pages\/3\/revisions"}],"predecessor-version":[{"id":323,"href":"https:\/\/www.pehemiapaketti.fi\/index.php?rest_route=\/wp\/v2\/pages\/3\/revisions\/323"}],"wp:attachment":[{"href":"https:\/\/www.pehemiapaketti.fi\/index.php?rest_route=%2Fwp%2Fv2%2Fmedia&parent=3"}],"curies":[{"name":"wp","href":"https:\/\/api.w.org\/{rel}","templated":true}]}}